{"id":101,"date":"2024-03-08T16:40:39","date_gmt":"2024-03-08T16:40:39","guid":{"rendered":"http:\/\/localhost\/wordpress\/?page_id=101"},"modified":"2024-03-13T17:57:30","modified_gmt":"2024-03-13T17:57:30","slug":"vykopy","status":"publish","type":"page","link":"https:\/\/www.lygre.cz\/?page_id=101","title":{"rendered":"V\u00ddKOPOV\u00c9 PR\u00c1CE"},"content":{"rendered":"\n<p>P\u0159i v\u00fdstavb\u011b nov\u00fdch tras zaji\u0161\u0165ujeme v\u00fdkop a&nbsp;pokl\u00e1dku HDPE chr\u00e1ni\u010dek pro optick\u00e9 kabely, zatahov\u00e1n\u00ed HDPE do tv\u00e1rnicov\u00fdch trat\u00ed a&nbsp;instalaci samonosn\u00fdch optick\u00fdch kabel\u016f a&nbsp;chr\u00e1ni\u010dek.<\/p>\n\n\n\n<p>P\u0159echody vodn\u00edch tok\u016f, komunikac\u00ed, definitivn\u00ed \u00fapravy zelen\u00fdch a&nbsp;asfaltov\u00fdch ploch a&nbsp;z\u00e1dla\u017eby jsou samoz\u0159ejmou sou\u010d\u00e1st\u00ed pokl\u00e1dkov\u00fdch prac\u00ed.<\/p>\n\n\n\n<p>Po&nbsp;dokon\u010den\u00ed v\u00fdstavby p\u0159edkl\u00e1d\u00e1me investorovi vyj\u00e1d\u0159en\u00ed o&nbsp;proveden\u00fdch \u00faprav\u00e1ch od v\u0161ech majitel\u016f dot\u010den\u00fdch pozemk\u016f a&nbsp;spr\u00e1vc\u016f s\u00edt\u00ed.<\/p>\n\n\n\n<div style=\"height:66px\" aria-hidden=\"true\" class=\"wp-block-spacer\"><\/div>\n\n\n\n<h3 class=\"wp-block-heading\"><strong>Nab\u00edz\u00edme:<\/strong><\/h3>\n\n\n\n<p><\/p>\n\n\n\n<ul class=\"wp-block-list\">\n<li>v\u00fdstavbu kabelovod\u016f<\/li>\n\n\n\n<li>p\u0159elo\u017eky s\u00edt\u00ed jednotliv\u00fdch oper\u00e1tor\u016f, v\u010d. ve\u0159ejnopr\u00e1vn\u00edho projedn\u00e1n\u00ed<\/li>\n\n\n\n<li>optick\u00e9 a metalick\u00e9 propojen\u00ed pro jednotliv\u00e9 oper\u00e1tory a ve\u0159ejnou spr\u00e1vu<\/li>\n\n\n\n<li>zafukov\u00e1n\u00ed mikro trubi\u010dek<\/li>\n\n\n\n<li>kalibrace a tlakov\u00e1ni Miro trubi\u010dek a chr\u00e1ni\u010dek HDPE<\/li>\n\n\n\n<li>zam\u011b\u0159en\u00ed a odstran\u011bn\u00ed z\u00e1vad<\/li>\n\n\n\n<li>p\u0159ifukov\u00e1n\u00ed optick\u00e9ho kabelu a mikro trubi\u010dek ke st\u00e1vaj\u00edc\u00edmu optick\u00e9mu kabelu (omezen\u00ed je pr\u016fm\u011br chr\u00e1ni\u010dky a st\u00e1vaj\u00edc\u00edho kabelu)<\/li>\n\n\n\n<li>zafukov\u00e1n\u00ed svazku vl\u00e1ken, mikro kabel\u016f, optick\u00fdch kabel\u016f, metalick\u00fdch kabel\u016f od pr\u016fm\u011bru kabel\u016f 1 mm a\u017e 32 mm do chr\u00e1ni\u010dek&nbsp;5 mm a\u017e 50 mm<\/li>\n<\/ul>\n\n\n\n<div class=\"wp-block-buttons is-layout-flex wp-block-buttons-is-layout-flex\">\n<div class=\"wp-block-button\"><a class=\"wp-block-button__link wp-element-button\" href=\"https:\/\/www.lygre.cz\/?page_id=328\">Popt\u00e1vka v\u00fdkopov\u00fdch prac\u00ed<\/a><\/div>\n<\/div>\n\n\n\n<div style=\"height:68px\" aria-hidden=\"true\" class=\"wp-block-spacer\"><\/div>\n\n\n\n<figure class=\"wp-block-gallery has-nested-images columns-default is-cropped wp-block-gallery-1 is-layout-flex wp-block-gallery-is-layout-flex\">\n<figure class=\"wp-block-image size-medium\"><img loading=\"lazy\" decoding=\"async\" width=\"300\" height=\"300\" data-id=\"187\" src=\"https:\/\/www.lygre.cz\/wp-content\/uploads\/2024\/03\/IMG_20231113_132048-scaled-1-300x300.jpg\" alt=\"\" class=\"wp-image-187\" srcset=\"https:\/\/www.lygre.cz\/wp-content\/uploads\/2024\/03\/IMG_20231113_132048-scaled-1-300x300.jpg 300w, https:\/\/www.lygre.cz\/wp-content\/uploads\/2024\/03\/IMG_20231113_132048-scaled-1-1024x1024.jpg 1024w, https:\/\/www.lygre.cz\/wp-content\/uploads\/2024\/03\/IMG_20231113_132048-scaled-1-150x150.jpg 150w, https:\/\/www.lygre.cz\/wp-content\/uploads\/2024\/03\/IMG_20231113_132048-scaled-1-768x768.jpg 768w, https:\/\/www.lygre.cz\/wp-content\/uploads\/2024\/03\/IMG_20231113_132048-scaled-1-1536x1536.jpg 1536w, https:\/\/www.lygre.cz\/wp-content\/uploads\/2024\/03\/IMG_20231113_132048-scaled-1-2048x2048.jpg 2048w\" sizes=\"auto, (max-width: 300px) 100vw, 300px\" \/><\/figure>\n\n\n\n<figure class=\"wp-block-image size-large\"><img loading=\"lazy\" decoding=\"async\" width=\"576\" height=\"768\" data-id=\"193\" src=\"http:\/\/www.lygre.cz\/wp-content\/uploads\/2024\/03\/20230706_091036.jpg\" alt=\"\" class=\"wp-image-193\" srcset=\"https:\/\/www.lygre.cz\/wp-content\/uploads\/2024\/03\/20230706_091036.jpg 576w, https:\/\/www.lygre.cz\/wp-content\/uploads\/2024\/03\/20230706_091036-225x300.jpg 225w\" sizes=\"auto, (max-width: 576px) 100vw, 576px\" \/><\/figure>\n\n\n\n<figure class=\"wp-block-image size-medium\"><img loading=\"lazy\" decoding=\"async\" width=\"300\" height=\"300\" data-id=\"195\" src=\"https:\/\/www.lygre.cz\/wp-content\/uploads\/2024\/03\/IMG_20230606_104848-scaled-1-300x300.jpg\" alt=\"\" class=\"wp-image-195\" srcset=\"https:\/\/www.lygre.cz\/wp-content\/uploads\/2024\/03\/IMG_20230606_104848-scaled-1-300x300.jpg 300w, https:\/\/www.lygre.cz\/wp-content\/uploads\/2024\/03\/IMG_20230606_104848-scaled-1-1024x1024.jpg 1024w, https:\/\/www.lygre.cz\/wp-content\/uploads\/2024\/03\/IMG_20230606_104848-scaled-1-150x150.jpg 150w, https:\/\/www.lygre.cz\/wp-content\/uploads\/2024\/03\/IMG_20230606_104848-scaled-1-768x768.jpg 768w, https:\/\/www.lygre.cz\/wp-content\/uploads\/2024\/03\/IMG_20230606_104848-scaled-1-1536x1536.jpg 1536w, https:\/\/www.lygre.cz\/wp-content\/uploads\/2024\/03\/IMG_20230606_104848-scaled-1-2048x2048.jpg 2048w\" sizes=\"auto, (max-width: 300px) 100vw, 300px\" \/><\/figure>\n<\/figure>\n","protected":false},"excerpt":{"rendered":"<p>P\u0159i v\u00fdstavb\u011b nov\u00fdch tras zaji\u0161\u0165ujeme v\u00fdkop a&nbsp;pokl\u00e1dku HDPE chr\u00e1ni\u010dek pro optick\u00e9 kabely, zatahov\u00e1n\u00ed HDPE do tv\u00e1rnicov\u00fdch trat\u00ed a&nbsp;instalaci samonosn\u00fdch optick\u00fdch kabel\u016f a&nbsp;chr\u00e1ni\u010dek. P\u0159echody vodn\u00edch tok\u016f, komunikac\u00ed, definitivn\u00ed \u00fapravy zelen\u00fdch a&nbsp;asfaltov\u00fdch ploch a&nbsp;z\u00e1dla\u017eby jsou samoz\u0159ejmou sou\u010d\u00e1st\u00ed pokl\u00e1dkov\u00fdch prac\u00ed. Po&nbsp;dokon\u010den\u00ed v\u00fdstavby p\u0159edkl\u00e1d\u00e1me investorovi vyj\u00e1d\u0159en\u00ed o&nbsp;proveden\u00fdch \u00faprav\u00e1ch od v\u0161ech majitel\u016f dot\u010den\u00fdch pozemk\u016f a&nbsp;spr\u00e1vc\u016f s\u00edt\u00ed. Nab\u00edz\u00edme:<\/p>\n","protected":false},"author":1,"featured_media":0,"parent":0,"menu_order":0,"comment_status":"closed","ping_status":"closed","template":"wp-custom-template-vykopy","meta":{"footnotes":""},"class_list":["post-101","page","type-page","status-publish","hentry"],"_links":{"self":[{"href":"https:\/\/www.lygre.cz\/index.php?rest_route=\/wp\/v2\/pages\/101","targetHints":{"allow":["GET"]}}],"collection":[{"href":"https:\/\/www.lygre.cz\/index.php?rest_route=\/wp\/v2\/pages"}],"about":[{"href":"https:\/\/www.lygre.cz\/index.php?rest_route=\/wp\/v2\/types\/page"}],"author":[{"embeddable":true,"href":"https:\/\/www.lygre.cz\/index.php?rest_route=\/wp\/v2\/users\/1"}],"replies":[{"embeddable":true,"href":"https:\/\/www.lygre.cz\/index.php?rest_route=%2Fwp%2Fv2%2Fcomments&post=101"}],"version-history":[{"count":3,"href":"https:\/\/www.lygre.cz\/index.php?rest_route=\/wp\/v2\/pages\/101\/revisions"}],"predecessor-version":[{"id":485,"href":"https:\/\/www.lygre.cz\/index.php?rest_route=\/wp\/v2\/pages\/101\/revisions\/485"}],"wp:attachment":[{"href":"https:\/\/www.lygre.cz\/index.php?rest_route=%2Fwp%2Fv2%2Fmedia&parent=101"}],"curies":[{"name":"wp","href":"https:\/\/api.w.org\/{rel}","templated":true}]}}