{"id":96,"date":"2024-03-07T23:30:07","date_gmt":"2024-03-07T22:30:07","guid":{"rendered":"http:\/\/localhost\/wordpress\/?page_id=96"},"modified":"2024-03-13T17:53:07","modified_gmt":"2024-03-13T17:53:07","slug":"metalic","status":"publish","type":"page","link":"https:\/\/www.lygre.cz\/?page_id=96","title":{"rendered":"METALICK\u00c9 S\u00cdT\u011a"},"content":{"rendered":"\n<h2 class=\"wp-block-heading\">Strukturovan\u00e1 kabel\u00e1\u017e<\/h2>\n\n\n\n<p>Strukturovan\u00e1 kabel\u00e1\u017e p\u0159edstavuje efektivn\u00ed a univerz\u00e1ln\u00ed syst\u00e9m kabel\u016f. Umo\u017e\u0148uje v r\u00e1mci budovy distribuovat r\u016fzn\u00e9 typy komunikace, jako je datov\u00e1 s\u00ed\u0165, telefonn\u00ed spojen\u00ed a dal\u0161\u00ed slaboproud\u00e9 technologie, jako jsou doch\u00e1zkov\u00e9 a p\u0159\u00edstupov\u00e9 syst\u00e9my, kamerov\u00e9 za\u0159\u00edzen\u00ed, \u0159\u00edd\u00edc\u00ed technologie a dal\u0161\u00ed.<\/p>\n\n\n\n<div class=\"wp-block-buttons is-layout-flex wp-block-buttons-is-layout-flex\">\n<div class=\"wp-block-button\"><a class=\"wp-block-button__link wp-element-button\" href=\"https:\/\/www.lygre.cz\/?page_id=328\">Popt\u00e1vka syst\u00e9mu<\/a><\/div>\n<\/div>\n\n\n\n<div class=\"wp-block-buttons is-layout-flex wp-block-buttons-is-layout-flex\"><\/div>\n\n\n\n<div style=\"height:100px\" aria-hidden=\"true\" class=\"wp-block-spacer\"><\/div>\n\n\n\n<h2 class=\"wp-block-heading\">DTS \u2013 datov\u00e9 s\u00edt\u011b<\/h2>\n\n\n\n<p>Ka\u017ed\u00fd nov\u011b vybudovan\u00fd nebo rekonstruovan\u00fd objekt dnes vy\u017eaduje kvalitn\u00ed datovou s\u00ed\u0165 a komunika\u010dn\u00ed infrastrukturu. Na\u0161e firma se specializuje na n\u00e1vrh a realizaci t\u011bchto rozvod\u016f, a\u0165 u\u017e jde o metalick\u00e9 nebo optick\u00e9 spoje. Dod\u00e1v\u00e1me \u0161irokou \u0161k\u00e1lu za\u0159\u00edzen\u00ed, v\u010detn\u011b datov\u00fdch rozvad\u011b\u010d\u016f, aktivn\u00edch prvk\u016f, technologi\u00ed Wi-Fi, telefonn\u00edch \u00fast\u0159eden a dal\u0161\u00edho vybaven\u00ed. Sou\u010d\u00e1st\u00ed na\u0161ich slu\u017eeb jsou kompletn\u00ed m\u011b\u0159\u00edc\u00ed protokoly a instalace po\u017eadovan\u00fdch za\u0159\u00edzen\u00ed.<\/p>\n\n\n\n<div class=\"wp-block-buttons is-layout-flex wp-block-buttons-is-layout-flex\">\n<div class=\"wp-block-button\"><a class=\"wp-block-button__link wp-element-button\" href=\"https:\/\/www.lygre.cz\/?page_id=328\">Popt\u00e1vka syst\u00e9mu<\/a><\/div>\n<\/div>\n\n\n\n<div style=\"height:100px\" aria-hidden=\"true\" class=\"wp-block-spacer\"><\/div>\n\n\n\n<h2 class=\"wp-block-heading\">STA \u2013 spole\u010dn\u00e9 televizn\u00ed ant\u00e9ny, satelity<\/h2>\n\n\n\n<p>P\u0159ed samotn\u00fdm prov\u00e1d\u011bn\u00edm prac\u00ed pe\u010dliv\u011b m\u011b\u0159\u00edme sign\u00e1l v dan\u00e9m objektu za \u00fa\u010dasti majitele a diskutujeme jeho po\u017eadavky na televizn\u00ed a satelitn\u00ed p\u0159\u00edjem, stejn\u011b jako na distribuci sign\u00e1lu do r\u016fzn\u00fdch \u010d\u00e1st\u00ed objektu. Na\u0161i technici jsou k dispozici, aby klientovi poskytli odborn\u00e9 poradenstv\u00ed, s ohledem na o\u010dek\u00e1van\u00fd v\u00fdvoj sign\u00e1lu v dan\u00e9 lokalit\u011b v budoucnosti. Jsou tak\u00e9 p\u0159ipraveni instalovat a uv\u00e9st do provozu r\u016fzn\u00e9 typy p\u0159ij\u00edma\u010d\u016f a za\u0159\u00edzen\u00ed pro sledov\u00e1n\u00ed televizn\u00edho nebo rozhlasov\u00e9ho vys\u00edl\u00e1n\u00ed.<\/p>\n\n\n\n<div class=\"wp-block-buttons is-layout-flex wp-block-buttons-is-layout-flex\">\n<div class=\"wp-block-button\"><a class=\"wp-block-button__link wp-element-button\" href=\"https:\/\/www.lygre.cz\/?page_id=328\">Popt\u00e1vka syst\u00e9mu<\/a><\/div>\n<\/div>\n","protected":false},"excerpt":{"rendered":"<p>Strukturovan\u00e1 kabel\u00e1\u017e Strukturovan\u00e1 kabel\u00e1\u017e p\u0159edstavuje efektivn\u00ed a univerz\u00e1ln\u00ed syst\u00e9m kabel\u016f. Umo\u017e\u0148uje v r\u00e1mci budovy distribuovat r\u016fzn\u00e9 typy komunikace, jako je datov\u00e1 s\u00ed\u0165, telefonn\u00ed spojen\u00ed a dal\u0161\u00ed slaboproud\u00e9 technologie, jako jsou doch\u00e1zkov\u00e9 a p\u0159\u00edstupov\u00e9 syst\u00e9my, kamerov\u00e9 za\u0159\u00edzen\u00ed, \u0159\u00edd\u00edc\u00ed technologie a dal\u0161\u00ed. DTS \u2013 datov\u00e9 s\u00edt\u011b Ka\u017ed\u00fd nov\u011b vybudovan\u00fd nebo rekonstruovan\u00fd objekt dnes vy\u017eaduje kvalitn\u00ed datovou s\u00ed\u0165 [&hellip;]<\/p>\n","protected":false},"author":1,"featured_media":0,"parent":0,"menu_order":0,"comment_status":"closed","ping_status":"closed","template":"wp-custom-template-metalick","meta":{"footnotes":""},"class_list":["post-96","page","type-page","status-publish","hentry"],"_links":{"self":[{"href":"https:\/\/www.lygre.cz\/index.php?rest_route=\/wp\/v2\/pages\/96","targetHints":{"allow":["GET"]}}],"collection":[{"href":"https:\/\/www.lygre.cz\/index.php?rest_route=\/wp\/v2\/pages"}],"about":[{"href":"https:\/\/www.lygre.cz\/index.php?rest_route=\/wp\/v2\/types\/page"}],"author":[{"embeddable":true,"href":"https:\/\/www.lygre.cz\/index.php?rest_route=\/wp\/v2\/users\/1"}],"replies":[{"embeddable":true,"href":"https:\/\/www.lygre.cz\/index.php?rest_route=%2Fwp%2Fv2%2Fcomments&post=96"}],"version-history":[{"count":1,"href":"https:\/\/www.lygre.cz\/index.php?rest_route=\/wp\/v2\/pages\/96\/revisions"}],"predecessor-version":[{"id":478,"href":"https:\/\/www.lygre.cz\/index.php?rest_route=\/wp\/v2\/pages\/96\/revisions\/478"}],"wp:attachment":[{"href":"https:\/\/www.lygre.cz\/index.php?rest_route=%2Fwp%2Fv2%2Fmedia&parent=96"}],"curies":[{"name":"wp","href":"https:\/\/api.w.org\/{rel}","templated":true}]}}